{"id":20,"date":"2013-12-14T15:02:46","date_gmt":"2013-12-14T14:02:46","guid":{"rendered":"https:\/\/www.skrue.de\/wp\/?page_id=20"},"modified":"2017-02-23T14:07:54","modified_gmt":"2017-02-23T13:07:54","slug":"impressum","status":"publish","type":"page","link":"https:\/\/www.skrue.de\/wp\/?page_id=20","title":{"rendered":"Impressum"},"content":{"rendered":"<h2>Angaben gem\u00e4\u00df \u00a7 5 TMG:<\/h2>\n<p>Stefan Kr\u00fcger<br \/>\nJahnstra\u00dfe 6<br \/>\n24116 Kiel<\/p>\n<h2>Kontakt:<\/h2>\n<table>\n<tbody>\n<tr>\n<td>Telefon:<\/td>\n<td>+49 (0)431 \/ 530 339 77<\/td>\n<\/tr>\n<tr>\n<td>E-Mail:<\/td>\n<td>mail@skrue.de<\/td>\n<\/tr>\n<\/tbody>\n<\/table>\n<h2>Verantwortlich f\u00fcr den Inhalt nach \u00a7 55 Abs. 2 RStV:<\/h2>\n<p>Stefan Kr\u00fcger<br \/>\nJahnstra\u00dfe 6<br \/>\n24116 Kiel<\/p>\n<h2>Quellenangaben f\u00fcr die verwendeten Bilder und Grafiken:<\/h2>\n<p>-\/-<\/p>\n<p>Quelle: <i><a href=\"http:\/\/www.e-recht24.de\" rel=\"nofollow\">http:\/\/www.e-recht24.de<\/a><\/i><\/p>\n","protected":false},"excerpt":{"rendered":"<p>Angaben gem\u00e4\u00df \u00a7 5 TMG: Stefan Kr\u00fcger Jahnstra\u00dfe 6 24116 Kiel Kontakt: Telefon: +49 (0)431 \/ 530 339 77 E-Mail: mail@skrue.de Verantwortlich f\u00fcr den Inhalt nach \u00a7 55 Abs. 2 RStV: Stefan Kr\u00fcger Jahnstra\u00dfe 6 24116 Kiel Quellenangaben f\u00fcr die verwendeten Bilder und Grafiken: -\/- Quelle: http:\/\/www.e-recht24.de<\/p>\n","protected":false},"author":1,"featured_media":0,"parent":0,"menu_order":0,"comment_status":"open","ping_status":"open","template":"","meta":{"footnotes":""},"class_list":["post-20","page","type-page","status-publish","hentry"],"_links":{"self":[{"href":"https:\/\/www.skrue.de\/wp\/index.php?rest_route=\/wp\/v2\/pages\/20","targetHints":{"allow":["GET"]}}],"collection":[{"href":"https:\/\/www.skrue.de\/wp\/index.php?rest_route=\/wp\/v2\/pages"}],"about":[{"href":"https:\/\/www.skrue.de\/wp\/index.php?rest_route=\/wp\/v2\/types\/page"}],"author":[{"embeddable":true,"href":"https:\/\/www.skrue.de\/wp\/index.php?rest_route=\/wp\/v2\/users\/1"}],"replies":[{"embeddable":true,"href":"https:\/\/www.skrue.de\/wp\/index.php?rest_route=%2Fwp%2Fv2%2Fcomments&post=20"}],"version-history":[{"count":8,"href":"https:\/\/www.skrue.de\/wp\/index.php?rest_route=\/wp\/v2\/pages\/20\/revisions"}],"predecessor-version":[{"id":132,"href":"https:\/\/www.skrue.de\/wp\/index.php?rest_route=\/wp\/v2\/pages\/20\/revisions\/132"}],"wp:attachment":[{"href":"https:\/\/www.skrue.de\/wp\/index.php?rest_route=%2Fwp%2Fv2%2Fmedia&parent=20"}],"curies":[{"name":"wp","href":"https:\/\/api.w.org\/{rel}","templated":true}]}}